{"id":44,"date":"2022-01-30T14:35:35","date_gmt":"2022-01-30T14:35:35","guid":{"rendered":"https:\/\/blende63.de\/?page_id=44"},"modified":"2022-04-21T13:40:12","modified_gmt":"2022-04-21T13:40:12","slug":"impressum-und-datenschutzerklaerung","status":"publish","type":"page","link":"https:\/\/blende63.de\/?page_id=44","title":{"rendered":"Impressum und Datenschutzerkl\u00e4rung"},"content":{"rendered":"\n<p class=\"has-white-color has-text-color\"><strong>Impressum<\/strong><\/p>\n\n\n\n<p class=\"has-white-color has-text-color\">Blende63<br>c\/o Matthias Volker Tomforde<br>Rootsoll 72<br>22397 Hamburg<\/p>\n\n\n\n<p class=\"has-white-color has-text-color\">Telefon: +4940 69 70 44 20<br>E-Mail:<a href=\"mailto:info@blende63.de\"> Info@blende63.de<\/a><\/p>\n\n\n\n<p class=\"has-white-color has-text-color\">Verantwortlich f\u00fcr den Inhalt (gem. \u00a7 55 Abs. 2 RStV):<br>Matthias Volker, Tomforde<br>Rootsoll 72<br>22397 Hamburg<\/p>\n\n\n\n<p class=\"has-white-color has-text-color\"><a href=\"https:\/\/www.juraforum.de\/impressum-generator\/\">Quelle: Impressum Vorlage von JuraForum.de<\/a><\/p>\n\n\n\n<p class=\"has-white-color has-text-color\"><strong>Datenschutzerkl\u00e4rung:<\/strong><\/p>\n\n\n\n<p class=\"has-white-color has-text-color\">Datenschutz<br>Nachfolgend m\u00f6chten wir Sie \u00fcber unsere Datenschutzerkl\u00e4rung informieren. Sie finden hier Informationen \u00fcber die Erhebung und Verwendung pers\u00f6nlicher Daten bei der Nutzung unserer Webseite. Wir beachten dabei das f\u00fcr Deutschland geltende Datenschutzrecht. Sie k\u00f6nnen diese Erkl\u00e4rung jederzeit auf unserer Webseite abrufen.<\/p>\n\n\n\n<p class=\"has-white-color has-text-color\">Wir weisen ausdr\u00fccklich darauf hin, dass die Daten\u00fcbertragung im Internet (z.B. bei der Kommunikation per E-Mail) Sicherheitsl\u00fccken aufweisen und nicht l\u00fcckenlos vor dem Zugriff durch Dritte gesch\u00fctzt werden kann.<\/p>\n\n\n\n<p class=\"has-white-color has-text-color\">Die Verwendung der Kontaktdaten unseres Impressums zur gewerblichen Werbung ist ausdr\u00fccklich nicht erw\u00fcnscht, es sei denn wir hatten zuvor unsere schriftliche Einwilligung erteilt oder es besteht bereits eine Gesch\u00e4ftsbeziehung. Der Anbieter und alle auf dieser Website genannten Personen widersprechen hiermit jeder kommerziellen Verwendung und Weitergabe ihrer Daten.<\/p>\n\n\n\n<p class=\"has-white-color has-text-color\">Personenbezogene Daten<\/p>\n\n\n\n<p class=\"has-white-color has-text-color\">Sie k\u00f6nnen unsere Webseite ohne Angabe personenbezogener Daten besuchen. Soweit auf unseren Seiten personenbezogene Daten (wie Name, Anschrift oder E-Mail Adresse) erhoben werden, erfolgt dies, soweit m\u00f6glich, auf freiwilliger Basis. Diese Daten werden ohne Ihre ausdr\u00fcckliche Zustimmung nicht an Dritte weitergegeben. Sofern zwischen Ihnen und uns ein Vertragsverh\u00e4ltnis begr\u00fcndet, inhaltlich ausgestaltet oder ge\u00e4ndert werden soll oder Sie an uns eine Anfrage stellen, erheben und verwenden wir personenbezogene Daten von Ihnen, soweit dies zu diesen Zwecken erforderlich ist (Bestandsdaten). Wir erheben, verarbeiten und nutzen personenbezogene Daten soweit dies erforderlich ist, um Ihnen die Inanspruchnahme des Webangebots zu erm\u00f6glichen (Nutzungsdaten). S\u00e4mtliche personenbezogenen Daten werden nur solange gespeichert wie dies f\u00fcr den genannten Zweck (Bearbeitung Ihrer Anfrage oder Abwicklung eines Vertrags) erforderlich ist. Hierbei werden steuer- und handelsrechtliche Aufbewahrungsfristen ber\u00fccksichtigt. Auf Anordnung der zust\u00e4ndigen Stellen d\u00fcrfen wir im Einzelfall Auskunft \u00fcber diese Daten (Bestandsdaten) erteilen, soweit dies f\u00fcr Zwecke der Strafverfolgung, zur Gefahrenabwehr, zur Erf\u00fcllung der gesetzlichen Aufgaben der Verfassungsschutzbeh\u00f6rden oder des Milit\u00e4rischen Abschirmdienstes oder zur Durchsetzung der Rechte am geistigen Eigentum erforderlich ist.<\/p>\n\n\n\n<p class=\"has-white-color has-text-color\">Kommentarfunktionen<br>Wir erheben personenbezogene Daten im Rahmen der Ver\u00f6ffentlichung eines Inhalts oder einer Kommentierung zu einem Artikel oder Beitrag nur in dem Umfang, wie sie von Ihnen mitgeteilt werden. Bei der Ver\u00f6ffentlichung eines Kommentars wird die von Ihnen angegebene Email-Adresse gespeichert, aber nicht ver\u00f6ffentlicht. Ihr Name wird ver\u00f6ffentlicht, wenn Sie nicht unter Pseudonym geschrieben haben.<\/p>\n\n\n\n<p class=\"has-white-color has-text-color\">Datenschutzerkl\u00e4rung f\u00fcr das Facebook-Plugin (\u201eGef\u00e4llt mir\u201c)<br>Diese Webseite nutzt Plugins des Anbieters Facebook.com, welche durch das Unternehmen Facebook Inc., 1601 S. California Avenue, Palo Alto, CA 94304 in den USA bereitgestellt werden. Nutzer unserer Webseite, auf der das Facebook-Plugin (\u201eGef\u00e4llt mir\u201c-Button) installiert ist, werden hiermit darauf hingewiesen, dass durch das Plugin eine Verbindung zu Facebook aufgebaut wird, wodurch eine \u00dcbermittlung an Ihren Browser durchgef\u00fchrt wird, damit das Plugin auf der Webseite erscheint.<br>Des Weiteren werden durch die Nutzung Daten an die Facebook-Server weitergeleitet, welche Informationen \u00fcber Ihre Webseitenbesuche auf unserer Homepage enthalten. Dies hat f\u00fcr eingeloggte Facebook-Nutzer zur Folge, dass die Nutzungsdaten Ihrem pers\u00f6nlichen Facebook-Account zugeordnet werden.<br>Sobald Sie als eingeloggter Facebook-Nutzer aktiv das Facebook-Plugin nutzen (z.B. durch das Klicken auf den \u201eGef\u00e4llt mir\u201c Knopf oder die Nutzung der Kommentarfunktion), werden diese Daten zu Ihrem Facebook-Account \u00fcbertragen und ver\u00f6ffentlicht. Dies k\u00f6nnen Sie nur durch vorheriges Ausloggen aus Ihrem Facebook-Account umgehen.<br>Weitere Information bez\u00fcglich der Datennutzung durch Facebook entnehmen Sie bitte den datenschutzrechtlichen Bestimmungen auf Facebook unter <a href=\"http:\/\/www.facebook.com\/help\/238318146535333\/?helpref=uf_share\" data-type=\"URL\" data-id=\"www.facebook.com\/help\/238318146535333\/?helpref=uf_share\">www.facebook.com\/help\/238318146535333\/?helpref=uf_share<\/a><\/p>\n\n\n\n<p class=\"has-white-color has-text-color\">Datenschutzerkl\u00e4rung f\u00fcr den Webanalysedienst Google Analytics<br>Diese Website benutzt Google Analytics, einen Webanalysedienst der Google Inc. (&#8222;Google&#8220;). Google Analytics verwendet sog. &#8222;Cookies&#8220;, Textdateien, die auf Ihrem Computer gespeichert werden und die eine Analyse der Benutzung der Website durch Sie erm\u00f6glichen. Die durch den Cookie erzeugten Informationen \u00fcber Ihre Benutzung dieser Website werden in der Regel an einen Server von Google in den USA \u00fcbertragen und dort gespeichert. Wir haben die IP-Anonymisierung aktiviert. Auf dieser Webseite wird Ihre IP-Adresse von Google daher innerhalb von Mitgliedstaaten der Europ\u00e4ischen Union oder in anderen Vertragsstaaten des Abkommens \u00fcber den Europ\u00e4ischen Wirtschaftsraum zuvor gek\u00fcrzt. Nur in Ausnahmef\u00e4llen wird die volle IP-Adresse an einen Server von Google in den USA \u00fcbertragen und dort gek\u00fcrzt. Im Auftrag des Betreibers dieser Website wird Google diese Informationen benutzen, um Ihre Nutzung der Website auszuwerten, um Reports \u00fcber die Websiteaktivit\u00e4ten zusammenzustellen und um weitere mit der Websitenutzung und der Internetnutzung verbundene Dienstleistungen gegen\u00fcber dem Websitebetreiber zu erbringen. Die im Rahmen von Google Analytics von Ihrem Browser \u00fcbermittelte IP-Adresse wird nicht mit anderen Daten von Google zusammengef\u00fchrt. Sie k\u00f6nnen die Speicherung der Cookies durch eine entsprechende Einstellung Ihrer Browser-Software verhindern; wir weisen Sie jedoch darauf hin, dass Sie in diesem Fall gegebenenfalls nicht s\u00e4mtliche Funktionen dieser Website vollumf\u00e4nglich werden nutzen k\u00f6nnen. Sie k\u00f6nnen dar\u00fcber hinaus die Erfassung der durch das Cookie erzeugten und auf Ihre Nutzung der Website bezogenen Daten (inkl. Ihrer IP-Adresse) an Google sowie die Verarbeitung dieser Daten durch Google verhindern, indem sie das unter dem folgenden Link verf\u00fcgbare Browser-Plugin herunterladen und installieren: <a href=\"http:\/\/tools.google.com\/dlpage\/gaoptout?hl=de\">http:\/\/tools.google.com\/dlpage\/gaoptout?hl=de<\/a><\/p>\n\n\n\n<p class=\"has-white-color has-text-color\"><strong>Datenschutzerkl\u00e4rung f\u00fcr Google Maps von Google Inc.<\/strong><\/p>\n\n\n\n<p class=\"has-white-color has-text-color\">Diese Website verwendet die \u201eGoogle Maps und Routenplaner\u201c- Funktion der Google Inc., 1600 Amphitheatre Parkway, Mountain View, CA 94043, United States (\u201eGoogle\u201c), um geographische Informationen und Anfahrtrouten darzustellen bzw. zu berechnen. Durch Google Maps k\u00f6nnen Daten \u00fcber Ihre Nutzung dieser Webseite an Google \u00fcbertragen, erhoben und von Google genutzt werden. Sie k\u00f6nnen eine solche Daten\u00fcbertragung verhindern, wenn Sie in Ihrem Browser \u201eJavascript\u201c deaktivieren. In dem Falle k\u00f6nnen aber keine Karten angezeigt werden. Durch die Nutzung dieser Webseite und die Nichtdeaktivierung von \u201eJavascript\u201c erkl\u00e4ren Sie Ihr Einverst\u00e4ndnis, dass Sie mit der Bearbeitung Ihrer Daten durch Google zum obigen Zwecke einverstanden sind. Weitere Informationen dar\u00fcber wie \u201eGoogle Maps\u201c und der Routenplaner Ihre Daten verwenden sowie die Datenschutzerkl\u00e4rung von Google finden Sie unter: <a href=\"https:\/\/www.google.com\/intl\/de_de\/help\/terms_maps.html\">https:\/\/www.google.com\/intl\/de_de\/help\/terms_maps.html<\/a><\/p>\n\n\n\n<p class=\"has-white-color has-text-color\">Datenschutzerkl\u00e4rung f\u00fcr die Nutzung von dem Webmessagedienst twitter.com<br>Wir haben auf unserer Webseite auch den Webmessagedienst twitter.com integriert. Dieser wird durch die Twitter Inc., 1355 Market St, Suite 900, San Francisco, CA 94103, USA bereitgestellt. Twitter bietet die sog. \u201eTweet\u201c \u2013 Funktion an. Damit kann man 140 Zeichen lange Nachrichten auch mit Webseitenlinks in seinem eigenen Twitteraccount ver\u00f6ffentlichen. Wenn Sie die \u201eTweet\u201c-Funktion von Twitter auf unseren Webseiten nutzen, wird die jeweilige Webseite mit Ihrem Account auf Twitter verkn\u00fcpft und dort ggf. \u00f6ffentlich bekannt gegeben. Hierbei werden auch Daten an Twitter \u00fcbertragen.<br>Von dem Inhalt der \u00fcbermittelten Daten und deren Nutzung durch Twitter erhalten wir keine Kenntnis. Konsultieren Sie daher f\u00fcr weitere Informationen die Datenschutzerkl\u00e4rung von Twitter: http:\/\/twitter.com\/privacy<br>Twitter bietet Ihnen unter nachfolgendem Link die M\u00f6glichkeit, Ihre Datenschutzeinstellungen selbst festzulegen: <a href=\"http:\/\/twitter.com\/account\/settings\">http:\/\/twitter.com\/account\/settings<\/a>.<\/p>\n\n\n\n<p class=\"has-white-color has-text-color\"><strong>Auskunftsrecht<\/strong><br>Sie haben das jederzeitige Recht, sich unentgeltlich und unverz\u00fcglich \u00fcber die zu Ihrer Person erhobenen Daten zu erkundigen. Sie haben das jederzeitige Recht, Ihre Zustimmung zur Verwendung Ihrer angegeben pers\u00f6nlichen Daten mit Wirkung f\u00fcr die Zukunft zu widerrufen. Zur Auskunftserteilung wenden Sie sich bitte an den Anbieter unter den Kontaktdaten im Impressum.<\/p>\n","protected":false},"excerpt":{"rendered":"<p>Impressum Blende63c\/o Matthias Volker TomfordeRootsoll 7222397 Hamburg Telefon: +4940 69 70 44 20E-Mail: Info@blende63.de Verantwortlich f\u00fcr den Inhalt (gem. \u00a7<\/p>\n<p class=\"more-link\"><a href=\"https:\/\/blende63.de\/?page_id=44\" class=\"readmore\">Weiterlesen<svg class=\"icon icon-arrow-right\" aria-hidden=\"true\" role=\"img\"> <use href=\"#icon-arrow-right\" xlink:href=\"#icon-arrow-right\"><\/use> <\/svg><span class=\"screen-reader-text\">Impressum und Datenschutzerkl\u00e4rung<\/span><\/a><\/p>\n","protected":false},"author":1,"featured_media":0,"parent":0,"menu_order":0,"comment_status":"closed","ping_status":"closed","template":"","meta":{"saved_in_kubio":false,"footnotes":""},"class_list":["post-44","page","type-page","status-publish","hentry"],"kubio_ai_page_context":{"short_desc":"","purpose":"general"},"_links":{"self":[{"href":"https:\/\/blende63.de\/index.php?rest_route=\/wp\/v2\/pages\/44","targetHints":{"allow":["GET"]}}],"collection":[{"href":"https:\/\/blende63.de\/index.php?rest_route=\/wp\/v2\/pages"}],"about":[{"href":"https:\/\/blende63.de\/index.php?rest_route=\/wp\/v2\/types\/page"}],"author":[{"embeddable":true,"href":"https:\/\/blende63.de\/index.php?rest_route=\/wp\/v2\/users\/1"}],"replies":[{"embeddable":true,"href":"https:\/\/blende63.de\/index.php?rest_route=%2Fwp%2Fv2%2Fcomments&post=44"}],"version-history":[{"count":4,"href":"https:\/\/blende63.de\/index.php?rest_route=\/wp\/v2\/pages\/44\/revisions"}],"predecessor-version":[{"id":100,"href":"https:\/\/blende63.de\/index.php?rest_route=\/wp\/v2\/pages\/44\/revisions\/100"}],"wp:attachment":[{"href":"https:\/\/blende63.de\/index.php?rest_route=%2Fwp%2Fv2%2Fmedia&parent=44"}],"curies":[{"name":"wp","href":"https:\/\/api.w.org\/{rel}","templated":true}]}}